{"id":137,"date":"2023-04-13T19:05:17","date_gmt":"2023-04-13T19:05:17","guid":{"rendered":"https:\/\/kaibruening.de\/startseite\/?page_id=137"},"modified":"2023-04-15T21:29:36","modified_gmt":"2023-04-15T21:29:36","slug":"kontakt","status":"publish","type":"page","link":"https:\/\/kaibruening.de\/startseite\/kontakt\/","title":{"rendered":"Kontakt"},"content":{"rendered":"<p><a data-id-d=\"3\" data-type=\"\" data-img-style=\"\"><img loading=\"lazy\" decoding=\"async\" src=\"https:\/\/kaibruening.de\/wp-content\/uploads\/2023\/03\/Lerncoaching-Logo.jpg\" height=\"1460\" width=\"2130\" alt=\"\" style=\"\"><\/img><\/a><\/p>\n<p style=\"\"><strong>Kai Br\u00fcning<\/strong><\/p>\n<h1 style=\"text-align: center;\"><span style=\"color: rgb(255, 255, 255);\">Kontakt&nbsp;<\/span><span style=\"color: rgb(116, 222, 147);\"><span style=\"font-style: normal; font-weight: 400;\"><\/span><\/span><\/h1>\n<p style=\"text-align: center;\"><span style=\"\">Hier k\u00f6nnt ihr mir eine nette Nachricht hinterlassen. Nat\u00fcrlich k\u00f6nnt ihr mir auch eine &nbsp;Mail schreiben. Zuk\u00fcnftig wird hier auch eine direkte Terminbuchung m\u00f6glich sein.<\/span><\/p>\n<p style=\"text-align: center;\">\u00a9 <span data-attr-id=\"Y\" data-extra_key=\"Y\" data-option-inline=\"1\" data-shortcode=\"thrv_dynamic_data_date\" data-shortcode-name=\"Year (2029)\">2023<\/span> Build with Thrive Architect.<\/p>\n<p style=\"text-align: center;\">Impressum &#8211; Datenschutzerkl\u00e4rung &#8211; E-Mail: info@lerncoaching-luebeck.de<\/p>\n","protected":false},"excerpt":{"rendered":"<p>Kai Br\u00fcning Kontakt&nbsp; Hier k\u00f6nnt ihr mir eine nette Nachricht hinterlassen. Nat\u00fcrlich k\u00f6nnt ihr mir auch eine &nbsp;Mail schreiben. Zuk\u00fcnftig wird hier auch eine direkte Terminbuchung m\u00f6glich sein. \u00a9 2023 Build with Thrive Architect. Impressum &#8211; Datenschutzerkl\u00e4rung &#8211; E-Mail: info@lerncoaching-luebeck.de<\/p>\n","protected":false},"author":1,"featured_media":0,"parent":0,"menu_order":0,"comment_status":"closed","ping_status":"closed","template":"","meta":{"om_disable_all_campaigns":false,"_monsterinsights_skip_tracking":false,"_monsterinsights_sitenote_active":false,"_monsterinsights_sitenote_note":"","_monsterinsights_sitenote_category":0,"footnotes":""},"aioseo_notices":[],"_links":{"self":[{"href":"https:\/\/kaibruening.de\/startseite\/wp-json\/wp\/v2\/pages\/137"}],"collection":[{"href":"https:\/\/kaibruening.de\/startseite\/wp-json\/wp\/v2\/pages"}],"about":[{"href":"https:\/\/kaibruening.de\/startseite\/wp-json\/wp\/v2\/types\/page"}],"author":[{"embeddable":true,"href":"https:\/\/kaibruening.de\/startseite\/wp-json\/wp\/v2\/users\/1"}],"replies":[{"embeddable":true,"href":"https:\/\/kaibruening.de\/startseite\/wp-json\/wp\/v2\/comments?post=137"}],"version-history":[{"count":8,"href":"https:\/\/kaibruening.de\/startseite\/wp-json\/wp\/v2\/pages\/137\/revisions"}],"predecessor-version":[{"id":193,"href":"https:\/\/kaibruening.de\/startseite\/wp-json\/wp\/v2\/pages\/137\/revisions\/193"}],"wp:attachment":[{"href":"https:\/\/kaibruening.de\/startseite\/wp-json\/wp\/v2\/media?parent=137"}],"curies":[{"name":"wp","href":"https:\/\/api.w.org\/{rel}","templated":true}]}}